{"id":256,"date":"2018-04-15T09:12:16","date_gmt":"2018-04-15T07:12:16","guid":{"rendered":"http:\/\/localhost:8888\/blog\/?page_id=256"},"modified":"2022-07-14T10:37:04","modified_gmt":"2022-07-14T08:37:04","slug":"impressum","status":"publish","type":"page","link":"https:\/\/www.alws.at\/de\/impressum\/","title":{"rendered":"Impressum"},"content":{"rendered":"<p><b>Die \u00d6sterreichische Ludwig Wittgenstein Gesellschaft<\/b><br \/>\nMarkt 63, A-2880\u00a0<a title=\"Kirchberg am Wechsel\" href=\"http:\/\/www.tiscover.com\/1Root\/Kontinent\/6\/Staat\/7\/Bundesland\/21\/Ort\/127713\/Homepage\/f_homepage...1.html\" target=\"_blank\" rel=\"noopener\">Kirchberg am Wechsel<\/a>, Austria<br \/>\nTel.: ++43\/2641\/2557<br \/>\nFax: ++43\/2641\/2557<br \/>\nE-mail:\u00a0<a href=\"mailto:alws@aon.at\">alws@aon.at<\/a><br \/>\n<a href=\"https:\/\/citizen.bmi.gv.at\/at.gv.bmi.fnsweb-p\/zvn\/public\/Registerauszug\" target=\"_blank\" rel=\"noopener\">ZVR-Zahl: 448386545<\/a><\/p>\n<p><a href=\"http:\/\/www.uni-salzburg.at\/portal\/page?_pageid=1225,421297&amp;_dad=portal&amp;_schema=PORTAL\" target=\"_blank\" rel=\"noopener\">Alexander Hieke<\/a>,\u00a0<a href=\"https:\/\/campus.aau.at\/org\/visitenkarte.jsp?username=vmunz\" target=\"_blank\" rel=\"noopener\">Volker Munz<\/a>, <a href=\"https:\/\/davidwagner.academia.edu\/\" target=\"_blank\" rel=\"noopener\">David Wagner<\/a>, <a href=\"http:\/\/www.uibk.ac.at\/brenner-archiv\/mitarbeiter\/wang.html\" target=\"_blank\" rel=\"noopener\">Joseph Wang-Kathrein<\/a>\u00a0und\u00a0<a href=\"mailto:sascha.w@aon.at\">Sascha Windholz<\/a>\u00a0haben die Inhalte dieser Website zusammengetragen.<\/p>\n<p>Gestaltung der Website durch Joseph Wang und Sascha Windholz.<\/p>\n<p>&nbsp;<\/p>\n<p><b>F\u00fcr den Inhalt verantwortlich<\/b><br \/>\n\u00d6sterreichische Ludwig Wittgenstein Gesellschaft<br \/>\nAlle Inhalte in dieser Website, einschlie\u00dflich der Texte und Bilder, sind urheberrechtlich gesch\u00fctzt. Wenn nicht anders angegeben, ist die \u00d6sterreichische Ludwig Wittgenstein Gesellschaft der Inhaber der Urheberrechte dieser Inhalte. Die Gesellschaft ist auch verantwortlich f\u00fcr diese Inhalte, nicht jedoch f\u00fcr die Inhalte au\u00dferhalb der Website, zu denen lediglich von dieser Website heraus verlinkt wird.<\/p>\n<p>&nbsp;<\/p>\n<p><strong>Datenschutzerkl\u00e4rung<\/strong><\/p>\n<p>Der Datenschutz ist ein wichtiger Aspekt in moderner Kommunikation. Auf der Grundlage der DSGVO erl\u00e4utern wir hier, wie wir mit Ihren Daten umgehen.<\/p>\n<p><em>Kontakt<\/em><br \/>\nWenn Sie uns per Email kontaktieren, werden Ihre Angaben f\u00fcr sechs Monate zwecks der Bearbeitung und der m\u00f6glichen Anschlussfragen gespeichert. Diese Daten werden nicht ohne Ihre Zustimmung an dritten weitergegeben.<\/p>\n<p><em>Web-Analyse\u00a0<\/em><br \/>\nWir f\u00fchren weder Web-Analyse durch, noch setzen wir Cookies ein, um Ihr Surf-Verhalten zu folgen.<\/p>\n<p><em>Speicherung der Daten, wenn Sie ein Kommentar hinterlassen\u00a0<\/em><br \/>\nWenn Sie ein Kommentar auf unsere Website hinterlassen, wird neben Ihren Angaben (Name, Email-Adresse und Kommentar) zus\u00e4tzlich auch Ihre IP-Adresse erfasst. Ihren Namen und Ihr Kommentar werden ver\u00f6ffentlicht. Wir werden Ihre Email-Adresse nicht weitergeben, diese ist jedoch notwendig, falls wir Sie ob Ihres Kommentars kontaktieren m\u00fcssen. Ihre IP-Adresse ist notwendig, damit wir ggf. Spams erkennen k\u00f6nnen.<\/p>\n<p><em>Mailing Liste<\/em><br \/>\nUm Ihnen Informationen von der \u00d6sterreichischen Ludwig Wittgenstein Gesellschaft zuschicken zu k\u00f6nnen, brauchen wir Ihre Email-Adresse. Nach DSGVO verwenden wir einen Double-Opt-In-Mechanismus, um Ihre Email-Adresse in die Liste aufzunehmen. Ihre Email-Adresse wird nur f\u00fcr diesen Zweck verwendet, ohne Ihre Zustimmung werden wir Ihre Email-Adresse nicht an Dritte weitergeben.<\/p>\n<p><em>Webhoster<\/em><br \/>\nDie Website wird von <a href=\"https:\/\/www.easyname.at\/\" target=\"_blank\" rel=\"noopener\">easyname.at<\/a> gehostet.<\/p>\n<p>&nbsp;<\/p>\n<p><b>Webmaster<\/b><br \/>\n<a href=\"http:\/\/www.uibk.ac.at\/brenner-archiv\/mitarbeiter\/wang.html\" target=\"_blank\" rel=\"noopener\">Joseph Wang-Kathrein<\/a><br \/>\n<a href=\"http:\/\/www.uibk.ac.at\/brenner-archiv\/\" target=\"_blank\" rel=\"noopener\">Forschungsinstitut Brenner-Archiv<\/a><br \/>\n<a href=\"http:\/\/www.uibk.ac.at\/\" target=\"_blank\" rel=\"noopener\">Universit\u00e4t Innsbruck<\/a><br \/>\nJosef-Hirn-Stra\u00dfe 5-7, 10. Stock<br \/>\nA-6020 Innsbruck<br \/>\nAustria, Europe<br \/>\nTel.: +43\/512\/507-4510<br \/>\nFax: +43\/512\/507-2960<\/p>\n","protected":false},"excerpt":{"rendered":"<p>Die \u00d6sterreichische Ludwig Wittgenstein Gesellschaft Markt 63, A-2880\u00a0Kirchberg am Wechsel, Austria Tel.: ++43\/2641\/2557 Fax: ++43\/2641\/2557 E-mail:\u00a0alws@aon.at ZVR-Zahl: 448386545 Alexander Hieke,\u00a0Volker Munz, David Wagner, Joseph Wang-Kathrein\u00a0und\u00a0Sascha Windholz\u00a0haben die Inhalte dieser Website zusammengetragen. Gestaltung der Website durch Joseph Wang und Sascha Windholz. &nbsp; F\u00fcr den Inhalt verantwortlich \u00d6sterreichische Ludwig Wittgenstein Gesellschaft Alle Inhalte in dieser Website, einschlie\u00dflich [&hellip;]<\/p>\n","protected":false},"author":1,"featured_media":0,"parent":0,"menu_order":0,"comment_status":"closed","ping_status":"closed","template":"","meta":{"footnotes":""},"class_list":["post-256","page","type-page","status-publish","hentry"],"_links":{"self":[{"href":"https:\/\/www.alws.at\/de\/wp-json\/wp\/v2\/pages\/256","targetHints":{"allow":["GET"]}}],"collection":[{"href":"https:\/\/www.alws.at\/de\/wp-json\/wp\/v2\/pages"}],"about":[{"href":"https:\/\/www.alws.at\/de\/wp-json\/wp\/v2\/types\/page"}],"author":[{"embeddable":true,"href":"https:\/\/www.alws.at\/de\/wp-json\/wp\/v2\/users\/1"}],"replies":[{"embeddable":true,"href":"https:\/\/www.alws.at\/de\/wp-json\/wp\/v2\/comments?post=256"}],"version-history":[{"count":12,"href":"https:\/\/www.alws.at\/de\/wp-json\/wp\/v2\/pages\/256\/revisions"}],"predecessor-version":[{"id":2949,"href":"https:\/\/www.alws.at\/de\/wp-json\/wp\/v2\/pages\/256\/revisions\/2949"}],"wp:attachment":[{"href":"https:\/\/www.alws.at\/de\/wp-json\/wp\/v2\/media?parent=256"}],"curies":[{"name":"wp","href":"https:\/\/api.w.org\/{rel}","templated":true}]}}