{"id":2865,"date":"2021-12-15T14:56:50","date_gmt":"2021-12-15T13:56:50","guid":{"rendered":"https:\/\/www.alws.at\/?page_id=2865"},"modified":"2022-08-17T17:59:34","modified_gmt":"2022-08-17T15:59:34","slug":"13th-ludwig-wittgenstein-summerschool","status":"publish","type":"page","link":"https:\/\/www.alws.at\/de\/13th-ludwig-wittgenstein-summerschool\/","title":{"rendered":"13th Ludwig Wittgenstein Summerschool"},"content":{"rendered":"<h1>August 2-6, 2022<\/h1>\n<hr \/>\n<h2><span style=\"color: #800000;\">Agency, Causation and Normativity<\/span><\/h2>\n<p>with Hans-Johann Glock (UZH, Zurich), &amp; John Hyman (UCL, London)<br \/>\nScientific Organisation and Direction: Volker A. Munz (AAU, Klagenfurt)<\/p>\n<p><span style=\"color: #800000;\">==================================================<\/span><\/p>\n<p>Studierende an einer \u00f6sterreichischen Universit\u00e4t haben die M\u00f6glichkeit, sich als \u201eMitbeleger*in\u201c f\u00fcr die Lehrveranstaltung zur 13. Wittgenstein Summer School \u201eAgency, Causation, and Normativity\u201c an der Universit\u00e4t Klagenfurt zu inskribieren. Sie erhalten dann ein offizielles Zeugnis der Universit\u00e4t Klagenfurt.<br \/>\nDazu bedarf es einer Registrierung unter:<\/p>\n<p><strong>https:\/\/www.aau.at\/studium\/studienorganisation\/studienverlauf\/mitbelegung\/<\/strong><\/p>\n<p>Neben der Registrierung, die online erfolgen kann, bedarf es zudem eines aktuellen Studienblattes der eigenen \u00f6sterreichischen Universit\u00e4t. Das aktuelle Studienblatt ist per E-Mail an die Studien- und Pr\u00fcfungsabteilung zu \u00fcbermitteln (nach der Online Registrierung). Wer an einer Mitbelegung interessiert ist, sollte sich neben den \u00fcblichen Bewerbungsunterlagen ab 1. Februar 2022 bis sp\u00e4testens 30. April 2022 (Ende der verl\u00e4ngerten Inskriptionsfrist f\u00fcr das Sommersemester 2022) registrieren und das aktuelle Studienblatt \u00fcbermittelt haben. Mit dem zugewiesenen Benutzernamen und Passwort k\u00f6nnen Sie sich dann f\u00fcr die Lehrveranstaltung und die einzelnen Termine einschreiben.<\/p>\n<p>Bei R\u00fcckfragen kontaktieren Sie bitte Lehrveranstaltungsleiter Assoc.-Prof. Dr. Volker A. Munz (Universit\u00e4t Klagenfurt) unter: <strong>Volker.Munz@aau.at<\/strong><\/p>\n<p><span style=\"color: #800000;\">===================================================<\/span><\/p>\n<p><span style=\"color: #800000;\"><strong>Conference Center:<\/strong><\/span><br \/>\nElementary school<br \/>\nMarkt 300<br \/>\nA-2880 Kirchberg am Wechsel<\/p>\n<p><strong>Maximum number of participants:<\/strong> 40<br \/>\n<strong><span style=\"color: #800000;\">Application deadline<\/span><\/strong> (registration and payment): <span style=\"color: #800000;\">April 30, 2022 <\/span>(Later applications can unfortunately not be taken into account.)<\/p>\n<p><span style=\"color: #800000;\">Information concerning acceptance\/non-acceptance:<\/span> May 22, 2022 (Full reimbursement in case of non-acceptance)<br \/>\nAccommodation will be organised by the ALWS and is located just opposite the conference centre. Private booking possible.<\/p>\n<p>Summer school participants are invited to join the <strong>43rd International Wittgenstein Symposium<\/strong>: <strong>Platonism<\/strong>.<br \/>\nKirchberg am Wechsel, August 7-13, 2022 at reduced fees.<\/p>\n<p><strong><span style=\"color: #800000;\">Fees:<\/span><\/strong><\/p>\n<p>250 Euro including conference participation (220 Euro for ALWS members)<\/p>\n<p>210 Euro summer school only (180 Euro for ALWS members).<\/p>\n<p>Summer school fees can be reimbursed only until June 15, 2022 (minus 20 Euro handling charge).<br \/>\n(Refunding of later cancellation: 125 Euro \/ 105 Euro; minus 20 Euro handling charge)<\/p>\n<p><strong><span style=\"color: #800000;\">Payment of the fees includes:<\/span><\/strong><br \/>\n\u2022 Free board and lodging during the summer school (dormitory)<br \/>\n\u2022 Certificate of participation (working load to the amount of 6 ECTS points)<\/p>\n<p><span style=\"color: #800000;\"><strong>Required qualifications:<\/strong><\/span><br \/>\nThe summer school is addressed to advanced university students in philosophy.<br \/>\nElementary knowledge of Wittgenstein\u2019s philosophy is desirable.<br \/>\nApplicants are asked to send a transcript record and a 3-page preparatory essay on a selected subject dealing with agency, causation, and\/or normativity.<\/p>\n<p>You can download\u00a0this year\u2019s poster\u00a0here:\u00a0<a href=\"https:\/\/www.alws.at\/alws\/wp-content\/uploads\/2021\/12\/Summer_school_A3_2022.pdf\">Summer_school_A3_2022<\/a><br \/>\nYou can download\u00a0the registration form\u00a0for 2022 here:\u00a0<a href=\"https:\/\/www.alws.at\/alws\/wp-content\/uploads\/2021\/12\/Summer_School_2022_Registration.pdf\">Summer_School_2022_Registration<\/a><\/p>\n<p>&nbsp;<\/p>\n<p><strong>Syllabus of the 13th Ludwig Wittgenstein Summer School<\/strong><\/p>\n<p>August 3rd:\u00a0<em>Agency<\/em><\/p>\n<p>AM<br \/>\n1.\u00a0\u00a0\u00a0\u00a0\u00a0\u00a0\u00a0\u00a0<em>Voluntary Action<\/em><br \/>\n(a) BB 150-157; PI \u00a7\u00a7611-28; Zettel \u00a7\u00a7577-600<br \/>\n(b) Hyman,\u00a0<em>Action, Knowledge, and Will<\/em>, ch. 1.4 &amp; ch. 4<\/p>\n<p>PM<br \/>\n2. \u00a0\u00a0\u00a0\u00a0\u00a0\u00a0\u00a0<em>Reasons and Causes<\/em><br \/>\n(a) BB pp. 14-15; L&amp;C pp. 18-25; PI \u00a7\u00a7487-91<br \/>\n(b) Davidson, \u2018Actions, Reasons and Causes\u2019; Hyman,\u00a0<em>Action, Knowledge,<\/em><br \/>\n<em>and Will<\/em>, ch. 5<\/p>\n<p>August 4th:\u00a0<em>Causation<\/em><\/p>\n<p>AM<br \/>\n3.\u00a0\u00a0\u00a0\u00a0\u00a0\u00a0\u00a0\u00a0<em>The Origin of the Idea of Causation<\/em><br \/>\n(a) C&amp;E (PO pp. 392-445)<br \/>\n(b) Strawson,\u00a0<em>Analysis and Metaphysics<\/em>, ch. 9<\/p>\n<p>PM<br \/>\n4.\u00a0\u00a0\u00a0\u00a0\u00a0\u00a0\u00a0\u00a0<em>Causation and Expression<\/em><br \/>\n(a) BB pp. 24-25; PI \u00a7\u00a7244-257, LW I, \u00a7\u00a7861-899<br \/>\n(b) Armstrong &amp; Malcolm,\u00a0<em>Consciousness and Causality<\/em><\/p>\n<p>August 5th:\u00a0<em>Normativity<\/em><\/p>\n<p>AM<br \/>\n5.\u00a0\u00a0\u00a0\u00a0\u00a0\u00a0\u00a0\u00a0<em>Rules of Language<\/em><br \/>\n(a) TLP \u00a7\u00a73.3-3.4, 6.124-6.126; BT \u2018Grammar\u2019; PI \u00a7\u00a789-93, 353-373<br \/>\n(b) Schroeder, \u2018Grammar and Grammatical Statements\u2019, in: Glock &amp; Hyman,<br \/>\n<em>Blackwell Companion to Wittgenstein<\/em>; Glock, \u2018Meaning, Rules and<br \/>\nConventions\u2019, in: Levi &amp; Zamuner,\u00a0<em>Wittgenstein\u2019s Enduring Arguments<\/em><\/p>\n<p>PM<br \/>\n6.\u00a0\u00a0\u00a0\u00a0\u00a0\u00a0\u00a0\u00a0<em>Agency and Normativity<\/em><br \/>\n(a)\u00a0<em>Lecture on Ethics<\/em>; L&amp;C p. 2; WWK pp. 68-69,116<br \/>\n(b) Hart,\u00a0<em>The Concept of Law<\/em>, ch. 8; Crary,\u00a0<em>Beyond Moral Judgement<\/em>, ch. 3; Glock, \u2018Wittgensteinian Anti-anti-realism: one \u201canti\u201d too many?\u2019,\u00a0<em>Ethical<\/em><br \/>\n<em>Perspectives<\/em>\u00a02015<\/p>\n<p>August 6th:\u00a0<em>Presentations and Open Session<\/em><\/p>\n","protected":false},"excerpt":{"rendered":"<p>August 2-6, 2022 Agency, Causation and Normativity with Hans-Johann Glock (UZH, Zurich), &amp; John Hyman (UCL, London) Scientific Organisation and Direction: Volker A. Munz (AAU, Klagenfurt) ================================================== Studierende an einer \u00f6sterreichischen Universit\u00e4t haben die M\u00f6glichkeit, sich als \u201eMitbeleger*in\u201c f\u00fcr die Lehrveranstaltung zur 13. Wittgenstein Summer School \u201eAgency, Causation, and Normativity\u201c an der Universit\u00e4t Klagenfurt zu [&hellip;]<\/p>\n","protected":false},"author":6,"featured_media":0,"parent":0,"menu_order":0,"comment_status":"closed","ping_status":"closed","template":"","meta":{"footnotes":""},"class_list":["post-2865","page","type-page","status-publish","hentry"],"_links":{"self":[{"href":"https:\/\/www.alws.at\/de\/wp-json\/wp\/v2\/pages\/2865","targetHints":{"allow":["GET"]}}],"collection":[{"href":"https:\/\/www.alws.at\/de\/wp-json\/wp\/v2\/pages"}],"about":[{"href":"https:\/\/www.alws.at\/de\/wp-json\/wp\/v2\/types\/page"}],"author":[{"embeddable":true,"href":"https:\/\/www.alws.at\/de\/wp-json\/wp\/v2\/users\/6"}],"replies":[{"embeddable":true,"href":"https:\/\/www.alws.at\/de\/wp-json\/wp\/v2\/comments?post=2865"}],"version-history":[{"count":4,"href":"https:\/\/www.alws.at\/de\/wp-json\/wp\/v2\/pages\/2865\/revisions"}],"predecessor-version":[{"id":2909,"href":"https:\/\/www.alws.at\/de\/wp-json\/wp\/v2\/pages\/2865\/revisions\/2909"}],"wp:attachment":[{"href":"https:\/\/www.alws.at\/de\/wp-json\/wp\/v2\/media?parent=2865"}],"curies":[{"name":"wp","href":"https:\/\/api.w.org\/{rel}","templated":true}]}}