{"id":59,"date":"2018-04-08T15:21:10","date_gmt":"2018-04-08T13:21:10","guid":{"rendered":"http:\/\/localhost:8888\/blog\/?page_id=59"},"modified":"2026-01-07T10:00:36","modified_gmt":"2026-01-07T09:00:36","slug":"willkommen-auf-der-homepage-der-oesterreichischen-ludwig-wittgenstein-gesellschaft","status":"publish","type":"page","link":"https:\/\/www.alws.at\/de\/","title":{"rendered":"Willkommen auf der Homepage der \u00d6sterreichischen Ludwig Wittgenstein Gesellschaft (\u00d6LWG)"},"content":{"rendered":"<h2 style=\"text-align: center;\"><a href=\"https:\/\/www.alws.at\/de\/iws_organization\/call-for-papers-47th-international-wittgenstein-symposium-2026\/\"><strong>Call for Papers: 47. International Wittgenstein Symposium<\/strong><\/a><\/h2>\n<p>&nbsp;<\/p>\n<h5 style=\"text-align: center;\"><a href=\"https:\/\/www.degruyter.com\/view\/serial\/207855\" target=\"_blank\" rel=\"noopener noreferrer\">Die Publikationen der \u00d6LWG erscheinen bei<\/a><br \/>\n<a href=\"https:\/\/www.degruyter.com\/view\/serial\/207855\" target=\"_blank\" rel=\"noopener noreferrer\"><br \/>\n<img loading=\"lazy\" decoding=\"async\" class=\"size-full wp-image-444 alignnone\" src=\"http:\/\/www.alws.at\/alws\/wp-content\/uploads\/2018\/04\/logo_degruyter.png\" alt=\"\" width=\"178\" height=\"96\" \/><\/a><\/h5>\n<p>&nbsp;<\/p>\n<h5 style=\"text-align: center;\"><a href=\"https:\/\/abo.derstandard.at\/abovorteile\/\">STANDARD Abonnent:innen bekommen Erm\u00e4\u00dfigungen<\/a><\/h5>\n<p style=\"text-align: center;\"><img loading=\"lazy\" decoding=\"async\" class=\"alignnone size-medium wp-image-3466\" src=\"https:\/\/www.alws.at\/alws\/wp-content\/uploads\/2024\/04\/DER_STANDARD_schwarz-300x48.png\" alt=\"\" width=\"300\" height=\"48\" srcset=\"https:\/\/www.alws.at\/alws\/wp-content\/uploads\/2024\/04\/DER_STANDARD_schwarz-300x48.png 300w, https:\/\/www.alws.at\/alws\/wp-content\/uploads\/2024\/04\/DER_STANDARD_schwarz-1024x164.png 1024w, https:\/\/www.alws.at\/alws\/wp-content\/uploads\/2024\/04\/DER_STANDARD_schwarz-768x123.png 768w, https:\/\/www.alws.at\/alws\/wp-content\/uploads\/2024\/04\/DER_STANDARD_schwarz.png 1181w\" sizes=\"auto, (max-width: 300px) 100vw, 300px\" \/><\/p>\n<p>&nbsp;<\/p>\n<h5 style=\"text-align: center;\"><a href=\"https:\/\/www.noel.gv.at\/wissenschaft\">Unsere j\u00e4hrlichen Symposia werden gef\u00f6rdert vom Amt der N\u00d6 Landesregierung,<br \/>\nSektion Wissenschaft und Forschung<\/a><\/h5>\n<h3 style=\"text-align: center;\"><img loading=\"lazy\" decoding=\"async\" class=\"alignnone wp-image-2767 size-medium\" src=\"https:\/\/www.alws.at\/alws\/wp-content\/uploads\/2021\/04\/Logo_Noe_W_F_2021_Farbe_RGB-2-300x66.jpg\" alt=\"\" width=\"300\" height=\"66\" srcset=\"https:\/\/www.alws.at\/alws\/wp-content\/uploads\/2021\/04\/Logo_Noe_W_F_2021_Farbe_RGB-2-300x66.jpg 300w, https:\/\/www.alws.at\/alws\/wp-content\/uploads\/2021\/04\/Logo_Noe_W_F_2021_Farbe_RGB-2-1024x224.jpg 1024w, https:\/\/www.alws.at\/alws\/wp-content\/uploads\/2021\/04\/Logo_Noe_W_F_2021_Farbe_RGB-2-768x168.jpg 768w, https:\/\/www.alws.at\/alws\/wp-content\/uploads\/2021\/04\/Logo_Noe_W_F_2021_Farbe_RGB-2-1536x337.jpg 1536w, https:\/\/www.alws.at\/alws\/wp-content\/uploads\/2021\/04\/Logo_Noe_W_F_2021_Farbe_RGB-2-2048x449.jpg 2048w\" sizes=\"auto, (max-width: 300px) 100vw, 300px\" \/><\/h3>\n<p>&nbsp;<\/p>\n<h5><\/h5>\n<h5 style=\"text-align: center;\">Wenn Sie sich f\u00fcr unsere Aktivit\u00e4ten interessieren, tragen Sie sich bitte auch in unsere <a href=\"http:\/\/www.alws.at\/alws\/de\/newsletter\/\">Mailing-Liste<\/a> ein.<\/h5>\n","protected":false},"excerpt":{"rendered":"<p>Call for Papers: 47. International Wittgenstein Symposium &nbsp; Die Publikationen der \u00d6LWG erscheinen bei &nbsp; STANDARD Abonnent:innen bekommen Erm\u00e4\u00dfigungen &nbsp; Unsere j\u00e4hrlichen Symposia werden gef\u00f6rdert vom Amt der N\u00d6 Landesregierung, Sektion Wissenschaft und Forschung &nbsp; Wenn Sie sich f\u00fcr unsere Aktivit\u00e4ten interessieren, tragen Sie sich bitte auch in unsere Mailing-Liste ein.<\/p>\n","protected":false},"author":1,"featured_media":3692,"parent":0,"menu_order":0,"comment_status":"closed","ping_status":"closed","template":"","meta":{"footnotes":""},"class_list":["post-59","page","type-page","status-publish","has-post-thumbnail","hentry"],"_links":{"self":[{"href":"https:\/\/www.alws.at\/de\/wp-json\/wp\/v2\/pages\/59","targetHints":{"allow":["GET"]}}],"collection":[{"href":"https:\/\/www.alws.at\/de\/wp-json\/wp\/v2\/pages"}],"about":[{"href":"https:\/\/www.alws.at\/de\/wp-json\/wp\/v2\/types\/page"}],"author":[{"embeddable":true,"href":"https:\/\/www.alws.at\/de\/wp-json\/wp\/v2\/users\/1"}],"replies":[{"embeddable":true,"href":"https:\/\/www.alws.at\/de\/wp-json\/wp\/v2\/comments?post=59"}],"version-history":[{"count":56,"href":"https:\/\/www.alws.at\/de\/wp-json\/wp\/v2\/pages\/59\/revisions"}],"predecessor-version":[{"id":3686,"href":"https:\/\/www.alws.at\/de\/wp-json\/wp\/v2\/pages\/59\/revisions\/3686"}],"wp:featuredmedia":[{"embeddable":true,"href":"https:\/\/www.alws.at\/de\/wp-json\/wp\/v2\/media\/3692"}],"wp:attachment":[{"href":"https:\/\/www.alws.at\/de\/wp-json\/wp\/v2\/media?parent=59"}],"curies":[{"name":"wp","href":"https:\/\/api.w.org\/{rel}","templated":true}]}}